{"id":2937,"date":"2025-11-28T07:30:50","date_gmt":"2025-11-28T07:30:50","guid":{"rendered":"https:\/\/wedigitaleyes.com\/?post_type=product&#038;p=2937"},"modified":"2026-04-15T08:42:36","modified_gmt":"2026-04-15T08:42:36","slug":"peel-off-mask","status":"publish","type":"product","link":"https:\/\/wedigitaleyes.com\/en\/product\/peel-off-mask\/","title":{"rendered":"Peel Off Mask ( ALOE VERA &#038; VITAMINE )"},"content":{"rendered":"","protected":false},"excerpt":{"rendered":"<p>&nbsp;<\/p>\n<div class=\"card\">\n<p><b>Description:<\/b><br \/>\nLe masque noir de Vitaliss, formul\u00e9 pour absorber les points noirs et la salet\u00e9 tout en pr\u00e9venant lacn\u00e9, permet la tonification et la respiration de la peau.<\/p>\n<p><b>Mode d&#8217;emploi:<\/b><br \/>\nAppliquer le masque en couche fine et uniforme sur votre visage.<br \/>\nLoisser agir de 15 a 20 minutes<br \/>\nJusqu&rsquo;\u00e0 l\u2019obtention d&rsquo;un film sec. D\u00e9coller lentement puis rin\u00e7er \u00e0 l&rsquo;eau ti\u00e8de.\n<\/div>","protected":false},"featured_media":2930,"comment_status":"open","ping_status":"closed","template":"","meta":{"site-sidebar-layout":"default","site-content-layout":"","ast-site-content-layout":"default","site-content-style":"default","site-sidebar-style":"default","ast-global-header-display":"","ast-banner-title-visibility":"","ast-main-header-display":"","ast-hfb-above-header-display":"","ast-hfb-below-header-display":"","ast-hfb-mobile-header-display":"","site-post-title":"","ast-breadcrumbs-content":"","ast-featured-img":"","footer-sml-layout":"","theme-transparent-header-meta":"default","adv-header-id-meta":"","stick-header-meta":"","header-above-stick-meta":"","header-main-stick-meta":"","header-below-stick-meta":"","astra-migrate-meta-layouts":"set","ast-page-background-enabled":"default","ast-page-background-meta":{"desktop":{"background-color":"","background-image":"","background-repeat":"repeat","background-position":"center center","background-size":"auto","background-attachment":"scroll","background-type":"","background-media":"","overlay-type":"","overlay-color":"","overlay-opacity":"","overlay-gradient":""},"tablet":{"background-color":"","background-image":"","background-repeat":"repeat","background-position":"center center","background-size":"auto","background-attachment":"scroll","background-type":"","background-media":"","overlay-type":"","overlay-color":"","overlay-opacity":"","overlay-gradient":""},"mobile":{"background-color":"","background-image":"","background-repeat":"repeat","background-position":"center center","background-size":"auto","background-attachment":"scroll","background-type":"","background-media":"","overlay-type":"","overlay-color":"","overlay-opacity":"","overlay-gradient":""}},"ast-content-background-meta":{"desktop":{"background-color":"var(--ast-global-color-5)","background-image":"","background-repeat":"repeat","background-position":"center center","background-size":"auto","background-attachment":"scroll","background-type":"","background-media":"","overlay-type":"","overlay-color":"","overlay-opacity":"","overlay-gradient":""},"tablet":{"background-color":"var(--ast-global-color-5)","background-image":"","background-repeat":"repeat","background-position":"center center","background-size":"auto","background-attachment":"scroll","background-type":"","background-media":"","overlay-type":"","overlay-color":"","overlay-opacity":"","overlay-gradient":""},"mobile":{"background-color":"var(--ast-global-color-5)","background-image":"","background-repeat":"repeat","background-position":"center center","background-size":"auto","background-attachment":"scroll","background-type":"","background-media":"","overlay-type":"","overlay-color":"","overlay-opacity":"","overlay-gradient":""}}},"product_brand":[],"product_cat":[46,23],"product_tag":[],"class_list":{"0":"post-2937","1":"product","2":"type-product","3":"status-publish","4":"has-post-thumbnail","6":"product_cat-masque","7":"product_cat-soin-capillaire","8":"desktop-align-left","9":"tablet-align-left","10":"mobile-align-left","12":"first","13":"instock","14":"shipping-taxable","15":"product-type-simple"},"jetpack_sharing_enabled":true,"_links":{"self":[{"href":"https:\/\/wedigitaleyes.com\/en\/wp-json\/wp\/v2\/product\/2937","targetHints":{"allow":["GET"]}}],"collection":[{"href":"https:\/\/wedigitaleyes.com\/en\/wp-json\/wp\/v2\/product"}],"about":[{"href":"https:\/\/wedigitaleyes.com\/en\/wp-json\/wp\/v2\/types\/product"}],"replies":[{"embeddable":true,"href":"https:\/\/wedigitaleyes.com\/en\/wp-json\/wp\/v2\/comments?post=2937"}],"wp:featuredmedia":[{"embeddable":true,"href":"https:\/\/wedigitaleyes.com\/en\/wp-json\/wp\/v2\/media\/2930"}],"wp:attachment":[{"href":"https:\/\/wedigitaleyes.com\/en\/wp-json\/wp\/v2\/media?parent=2937"}],"wp:term":[{"taxonomy":"product_brand","embeddable":true,"href":"https:\/\/wedigitaleyes.com\/en\/wp-json\/wp\/v2\/product_brand?post=2937"},{"taxonomy":"product_cat","embeddable":true,"href":"https:\/\/wedigitaleyes.com\/en\/wp-json\/wp\/v2\/product_cat?post=2937"},{"taxonomy":"product_tag","embeddable":true,"href":"https:\/\/wedigitaleyes.com\/en\/wp-json\/wp\/v2\/product_tag?post=2937"}],"curies":[{"name":"wp","href":"https:\/\/api.w.org\/{rel}","templated":true}]}}