{"id":2093,"date":"2025-10-17T09:50:58","date_gmt":"2025-10-17T09:50:58","guid":{"rendered":"https:\/\/wedigitaleyes.com\/?post_type=product&#038;p=2093"},"modified":"2026-02-09T20:17:41","modified_gmt":"2026-02-09T20:17:41","slug":"creme-collagene-lift-oliban-50-ml","status":"publish","type":"product","link":"https:\/\/wedigitaleyes.com\/en\/product\/creme-collagene-lift-oliban-50-ml\/","title":{"rendered":"Cr\u00e8me visage Collag\u00e8ne Lift Oliban 50ml SPF15"},"content":{"rendered":"","protected":false},"excerpt":{"rendered":"<p>&nbsp;<\/p>\n<div class=\"card\">\n<p><b>Description:<\/b><br \/>\nCr\u00e8me Visage Vita&rsquo;liss \u00e0 base d&rsquo;Encens<br \/>\nOliban, \u00e9fficace pour le nettoyage quotidien et convient \u00e0 tous les types de peau, des plus s\u00e8ches et probl\u00e9matiques aux mixtes et impures. Facilite le nettoyage du visage, l&rsquo;\u00e9limination des impuret\u00e9s et des r\u00e9sidus de maquillage. <\/p>\n<p><b>Mode d&#8217;emploi:<\/b><br \/>\nNettoyez votre visage, appliquez une petite quantit\u00e9 de cr\u00e8me sur le visage et le cou, massez doucement en mouvements circulaires<br \/>\njusqu&rsquo;\u00e0 absorption compl\u00e8te.<\/p>\n<\/div>","protected":false},"featured_media":2488,"comment_status":"open","ping_status":"closed","template":"","meta":{"site-sidebar-layout":"default","site-content-layout":"","ast-site-content-layout":"default","site-content-style":"default","site-sidebar-style":"default","ast-global-header-display":"","ast-banner-title-visibility":"","ast-main-header-display":"","ast-hfb-above-header-display":"","ast-hfb-below-header-display":"","ast-hfb-mobile-header-display":"","site-post-title":"","ast-breadcrumbs-content":"","ast-featured-img":"","footer-sml-layout":"","theme-transparent-header-meta":"default","adv-header-id-meta":"","stick-header-meta":"","header-above-stick-meta":"","header-main-stick-meta":"","header-below-stick-meta":"","astra-migrate-meta-layouts":"set","ast-page-background-enabled":"default","ast-page-background-meta":{"desktop":{"background-color":"","background-image":"","background-repeat":"repeat","background-position":"center center","background-size":"auto","background-attachment":"scroll","background-type":"","background-media":"","overlay-type":"","overlay-color":"","overlay-opacity":"","overlay-gradient":""},"tablet":{"background-color":"","background-image":"","background-repeat":"repeat","background-position":"center center","background-size":"auto","background-attachment":"scroll","background-type":"","background-media":"","overlay-type":"","overlay-color":"","overlay-opacity":"","overlay-gradient":""},"mobile":{"background-color":"","background-image":"","background-repeat":"repeat","background-position":"center center","background-size":"auto","background-attachment":"scroll","background-type":"","background-media":"","overlay-type":"","overlay-color":"","overlay-opacity":"","overlay-gradient":""}},"ast-content-background-meta":{"desktop":{"background-color":"var(--ast-global-color-5)","background-image":"","background-repeat":"repeat","background-position":"center center","background-size":"auto","background-attachment":"scroll","background-type":"","background-media":"","overlay-type":"","overlay-color":"","overlay-opacity":"","overlay-gradient":""},"tablet":{"background-color":"var(--ast-global-color-5)","background-image":"","background-repeat":"repeat","background-position":"center center","background-size":"auto","background-attachment":"scroll","background-type":"","background-media":"","overlay-type":"","overlay-color":"","overlay-opacity":"","overlay-gradient":""},"mobile":{"background-color":"var(--ast-global-color-5)","background-image":"","background-repeat":"repeat","background-position":"center center","background-size":"auto","background-attachment":"scroll","background-type":"","background-media":"","overlay-type":"","overlay-color":"","overlay-opacity":"","overlay-gradient":""}}},"product_brand":[],"product_cat":[52],"product_tag":[],"class_list":{"0":"post-2093","1":"product","2":"type-product","3":"status-publish","4":"has-post-thumbnail","6":"product_cat-creme","7":"desktop-align-left","8":"tablet-align-left","9":"mobile-align-left","11":"first","12":"instock","13":"shipping-taxable","14":"product-type-simple"},"jetpack_sharing_enabled":true,"_links":{"self":[{"href":"https:\/\/wedigitaleyes.com\/en\/wp-json\/wp\/v2\/product\/2093","targetHints":{"allow":["GET"]}}],"collection":[{"href":"https:\/\/wedigitaleyes.com\/en\/wp-json\/wp\/v2\/product"}],"about":[{"href":"https:\/\/wedigitaleyes.com\/en\/wp-json\/wp\/v2\/types\/product"}],"replies":[{"embeddable":true,"href":"https:\/\/wedigitaleyes.com\/en\/wp-json\/wp\/v2\/comments?post=2093"}],"wp:featuredmedia":[{"embeddable":true,"href":"https:\/\/wedigitaleyes.com\/en\/wp-json\/wp\/v2\/media\/2488"}],"wp:attachment":[{"href":"https:\/\/wedigitaleyes.com\/en\/wp-json\/wp\/v2\/media?parent=2093"}],"wp:term":[{"taxonomy":"product_brand","embeddable":true,"href":"https:\/\/wedigitaleyes.com\/en\/wp-json\/wp\/v2\/product_brand?post=2093"},{"taxonomy":"product_cat","embeddable":true,"href":"https:\/\/wedigitaleyes.com\/en\/wp-json\/wp\/v2\/product_cat?post=2093"},{"taxonomy":"product_tag","embeddable":true,"href":"https:\/\/wedigitaleyes.com\/en\/wp-json\/wp\/v2\/product_tag?post=2093"}],"curies":[{"name":"wp","href":"https:\/\/api.w.org\/{rel}","templated":true}]}}