{"id":2072,"date":"2025-10-17T09:33:22","date_gmt":"2025-10-17T09:33:22","guid":{"rendered":"https:\/\/wedigitaleyes.com\/?post_type=product&#038;p=2072"},"modified":"2026-02-09T20:16:10","modified_gmt":"2026-02-09T20:16:10","slug":"creme-pour-le-corps-vitaliss-250-ml","status":"publish","type":"product","link":"https:\/\/wedigitaleyes.com\/en\/product\/creme-pour-le-corps-vitaliss-250-ml\/","title":{"rendered":"Cr\u00e9me HYDRATANTE Corps 250ml adoucit-prot\u00e8ge-r\u00e9g\u00e9n\u00e8re  Aloe vera &#038; camomille"},"content":{"rendered":"","protected":false},"excerpt":{"rendered":"<p>&nbsp;<\/p>\n<div class=\"card\">\n<p><b>Description:<\/b><br \/>\nLa cr\u00e8me hydratante pour le corps VitaLiss destin\u00e9e aux peaux s\u00e8ches et sensibles pour une hydratation intense du corps. Sa texture<br \/>\nonctueuse s&rsquo;absorbe tr\u00e8s vite tout en apportant du confort \u00e0 votre peau.<br \/>\nCette cr\u00e8me hydratante est hypoallerg\u00e9nique et sans parfum qui peut etre utilis\u00e9e pour toute la famille.<\/p>\n<p><b>Mode d\u2019emploi :<\/b><br \/>\nAppliquez sur une peau propre et s\u00e8che. Massez d\u00e9licatement tout l&rsquo;ensemble de votre corps jusqu&rsquo;\u00e0 p\u00e9n\u00e9tration compl\u00e8te<\/p>\n<\/div>","protected":false},"featured_media":2481,"comment_status":"open","ping_status":"closed","template":"","meta":{"site-sidebar-layout":"default","site-content-layout":"","ast-site-content-layout":"default","site-content-style":"default","site-sidebar-style":"default","ast-global-header-display":"","ast-banner-title-visibility":"","ast-main-header-display":"","ast-hfb-above-header-display":"","ast-hfb-below-header-display":"","ast-hfb-mobile-header-display":"","site-post-title":"","ast-breadcrumbs-content":"","ast-featured-img":"","footer-sml-layout":"","theme-transparent-header-meta":"default","adv-header-id-meta":"","stick-header-meta":"","header-above-stick-meta":"","header-main-stick-meta":"","header-below-stick-meta":"","astra-migrate-meta-layouts":"set","ast-page-background-enabled":"default","ast-page-background-meta":{"desktop":{"background-color":"","background-image":"","background-repeat":"repeat","background-position":"center center","background-size":"auto","background-attachment":"scroll","background-type":"","background-media":"","overlay-type":"","overlay-color":"","overlay-opacity":"","overlay-gradient":""},"tablet":{"background-color":"","background-image":"","background-repeat":"repeat","background-position":"center center","background-size":"auto","background-attachment":"scroll","background-type":"","background-media":"","overlay-type":"","overlay-color":"","overlay-opacity":"","overlay-gradient":""},"mobile":{"background-color":"","background-image":"","background-repeat":"repeat","background-position":"center center","background-size":"auto","background-attachment":"scroll","background-type":"","background-media":"","overlay-type":"","overlay-color":"","overlay-opacity":"","overlay-gradient":""}},"ast-content-background-meta":{"desktop":{"background-color":"var(--ast-global-color-5)","background-image":"","background-repeat":"repeat","background-position":"center center","background-size":"auto","background-attachment":"scroll","background-type":"","background-media":"","overlay-type":"","overlay-color":"","overlay-opacity":"","overlay-gradient":""},"tablet":{"background-color":"var(--ast-global-color-5)","background-image":"","background-repeat":"repeat","background-position":"center center","background-size":"auto","background-attachment":"scroll","background-type":"","background-media":"","overlay-type":"","overlay-color":"","overlay-opacity":"","overlay-gradient":""},"mobile":{"background-color":"var(--ast-global-color-5)","background-image":"","background-repeat":"repeat","background-position":"center center","background-size":"auto","background-attachment":"scroll","background-type":"","background-media":"","overlay-type":"","overlay-color":"","overlay-opacity":"","overlay-gradient":""}}},"product_brand":[],"product_cat":[75,25],"product_tag":[],"class_list":{"0":"post-2072","1":"product","2":"type-product","3":"status-publish","4":"has-post-thumbnail","6":"product_cat-creme-soin-corps","7":"product_cat-soin-corps","8":"desktop-align-left","9":"tablet-align-left","10":"mobile-align-left","12":"first","13":"instock","14":"shipping-taxable","15":"product-type-simple"},"jetpack_sharing_enabled":true,"_links":{"self":[{"href":"https:\/\/wedigitaleyes.com\/en\/wp-json\/wp\/v2\/product\/2072","targetHints":{"allow":["GET"]}}],"collection":[{"href":"https:\/\/wedigitaleyes.com\/en\/wp-json\/wp\/v2\/product"}],"about":[{"href":"https:\/\/wedigitaleyes.com\/en\/wp-json\/wp\/v2\/types\/product"}],"replies":[{"embeddable":true,"href":"https:\/\/wedigitaleyes.com\/en\/wp-json\/wp\/v2\/comments?post=2072"}],"wp:featuredmedia":[{"embeddable":true,"href":"https:\/\/wedigitaleyes.com\/en\/wp-json\/wp\/v2\/media\/2481"}],"wp:attachment":[{"href":"https:\/\/wedigitaleyes.com\/en\/wp-json\/wp\/v2\/media?parent=2072"}],"wp:term":[{"taxonomy":"product_brand","embeddable":true,"href":"https:\/\/wedigitaleyes.com\/en\/wp-json\/wp\/v2\/product_brand?post=2072"},{"taxonomy":"product_cat","embeddable":true,"href":"https:\/\/wedigitaleyes.com\/en\/wp-json\/wp\/v2\/product_cat?post=2072"},{"taxonomy":"product_tag","embeddable":true,"href":"https:\/\/wedigitaleyes.com\/en\/wp-json\/wp\/v2\/product_tag?post=2072"}],"curies":[{"name":"wp","href":"https:\/\/api.w.org\/{rel}","templated":true}]}}