{"id":2043,"date":"2025-10-17T08:07:27","date_gmt":"2025-10-17T08:07:27","guid":{"rendered":"https:\/\/wedigitaleyes.com\/?post_type=product&#038;p=2043"},"modified":"2026-01-03T07:44:46","modified_gmt":"2026-01-03T07:44:46","slug":"shampoing-vitaliss-500-ml-3","status":"publish","type":"product","link":"https:\/\/wedigitaleyes.com\/en\/product\/shampoing-vitaliss-500-ml-3\/","title":{"rendered":"shampoing 500ml"},"content":{"rendered":"","protected":false},"excerpt":{"rendered":"<p>&nbsp;<\/p>\n<div class=\"card\">\n<p><b>Description:<\/b><br \/>\nUne formule \u00e9labor\u00e9e soigneusement pour traiter en profendeur les probl\u00e9mes des pellicules et laver tout le s\u00e9bum protecteur: un<br \/>\nPH l\u00e9g\u00e9rement acide avec un m\u00e9lange magique entre l&rsquo;extrait de th\u00e9 vert, l&rsquo;extrait de citron, lextrait de menthe et le zinc pyrithione va assurer un effet<br \/>\nimm\u00e9diat.<\/p>\n<\/div>","protected":false},"featured_media":2559,"comment_status":"open","ping_status":"closed","template":"","meta":{"site-sidebar-layout":"default","site-content-layout":"","ast-site-content-layout":"default","site-content-style":"default","site-sidebar-style":"default","ast-global-header-display":"","ast-banner-title-visibility":"","ast-main-header-display":"","ast-hfb-above-header-display":"","ast-hfb-below-header-display":"","ast-hfb-mobile-header-display":"","site-post-title":"","ast-breadcrumbs-content":"","ast-featured-img":"","footer-sml-layout":"","theme-transparent-header-meta":"default","adv-header-id-meta":"","stick-header-meta":"","header-above-stick-meta":"","header-main-stick-meta":"","header-below-stick-meta":"","astra-migrate-meta-layouts":"set","ast-page-background-enabled":"default","ast-page-background-meta":{"desktop":{"background-color":"","background-image":"","background-repeat":"repeat","background-position":"center center","background-size":"auto","background-attachment":"scroll","background-type":"","background-media":"","overlay-type":"","overlay-color":"","overlay-opacity":"","overlay-gradient":""},"tablet":{"background-color":"","background-image":"","background-repeat":"repeat","background-position":"center center","background-size":"auto","background-attachment":"scroll","background-type":"","background-media":"","overlay-type":"","overlay-color":"","overlay-opacity":"","overlay-gradient":""},"mobile":{"background-color":"","background-image":"","background-repeat":"repeat","background-position":"center center","background-size":"auto","background-attachment":"scroll","background-type":"","background-media":"","overlay-type":"","overlay-color":"","overlay-opacity":"","overlay-gradient":""}},"ast-content-background-meta":{"desktop":{"background-color":"var(--ast-global-color-5)","background-image":"","background-repeat":"repeat","background-position":"center center","background-size":"auto","background-attachment":"scroll","background-type":"","background-media":"","overlay-type":"","overlay-color":"","overlay-opacity":"","overlay-gradient":""},"tablet":{"background-color":"var(--ast-global-color-5)","background-image":"","background-repeat":"repeat","background-position":"center center","background-size":"auto","background-attachment":"scroll","background-type":"","background-media":"","overlay-type":"","overlay-color":"","overlay-opacity":"","overlay-gradient":""},"mobile":{"background-color":"var(--ast-global-color-5)","background-image":"","background-repeat":"repeat","background-position":"center center","background-size":"auto","background-attachment":"scroll","background-type":"","background-media":"","overlay-type":"","overlay-color":"","overlay-opacity":"","overlay-gradient":""}}},"product_brand":[],"product_cat":[69],"product_tag":[],"class_list":{"0":"post-2043","1":"product","2":"type-product","3":"status-publish","4":"has-post-thumbnail","6":"product_cat-gras","7":"desktop-align-left","8":"tablet-align-left","9":"mobile-align-left","11":"first","12":"instock","13":"shipping-taxable","14":"product-type-simple"},"jetpack_sharing_enabled":true,"_links":{"self":[{"href":"https:\/\/wedigitaleyes.com\/en\/wp-json\/wp\/v2\/product\/2043","targetHints":{"allow":["GET"]}}],"collection":[{"href":"https:\/\/wedigitaleyes.com\/en\/wp-json\/wp\/v2\/product"}],"about":[{"href":"https:\/\/wedigitaleyes.com\/en\/wp-json\/wp\/v2\/types\/product"}],"replies":[{"embeddable":true,"href":"https:\/\/wedigitaleyes.com\/en\/wp-json\/wp\/v2\/comments?post=2043"}],"wp:featuredmedia":[{"embeddable":true,"href":"https:\/\/wedigitaleyes.com\/en\/wp-json\/wp\/v2\/media\/2559"}],"wp:attachment":[{"href":"https:\/\/wedigitaleyes.com\/en\/wp-json\/wp\/v2\/media?parent=2043"}],"wp:term":[{"taxonomy":"product_brand","embeddable":true,"href":"https:\/\/wedigitaleyes.com\/en\/wp-json\/wp\/v2\/product_brand?post=2043"},{"taxonomy":"product_cat","embeddable":true,"href":"https:\/\/wedigitaleyes.com\/en\/wp-json\/wp\/v2\/product_cat?post=2043"},{"taxonomy":"product_tag","embeddable":true,"href":"https:\/\/wedigitaleyes.com\/en\/wp-json\/wp\/v2\/product_tag?post=2043"}],"curies":[{"name":"wp","href":"https:\/\/api.w.org\/{rel}","templated":true}]}}